{"id":629,"date":"2015-03-05T11:42:57","date_gmt":"2015-03-05T16:42:57","guid":{"rendered":"http:\/\/10.0.55.163\/?page_id=629"},"modified":"2015-03-31T15:27:35","modified_gmt":"2015-03-31T19:27:35","slug":"gestemps-2","status":"publish","type":"page","link":"https:\/\/www.celibec.com\/?page_id=629","title":{"rendered":"GESTEMPS"},"content":{"rendered":"<h2><a href=\"https:\/\/www.celibec.com\/wp-content\/uploads\/2015\/03\/petit-Logo-GESTEMPS.png\"><img decoding=\"async\" loading=\"lazy\" class=\" size-medium wp-image-780 aligncenter\" src=\"https:\/\/www.celibec.com\/wp-content\/uploads\/2015\/03\/petit-Logo-GESTEMPS-300x66.png\" alt=\"petit-Logo-GESTEMPS\" width=\"300\" height=\"66\" data-id=\"780\" srcset=\"https:\/\/www.celibec.com\/wp-content\/uploads\/2015\/03\/petit-Logo-GESTEMPS-300x66.png 300w, https:\/\/www.celibec.com\/wp-content\/uploads\/2015\/03\/petit-Logo-GESTEMPS-1024x225.png 1024w, https:\/\/www.celibec.com\/wp-content\/uploads\/2015\/03\/petit-Logo-GESTEMPS.png 2160w\" sizes=\"(max-width: 300px) 100vw, 300px\" \/><\/a><\/h2>\n<h2 style=\"text-align: center;\"><span style=\"text-decoration: underline;\">Logiciel de capture et de\u00a0 traitement des temps<\/span><\/h2>\n\n<div class=\"panel-group\" id=\"accordionname4\"><div class=\"panel panel-default panel-even\"><div class=\"panel-heading\"><a class=\"accordion-toggle collapsed\" data-toggle=\"collapse\" data-parent=\"#accordionname4\" href=\"#collapse40\"><h5><i class=\"icon-minus primary-color\"><\/i><i class=\"icon-plus\"><\/i>Introduction \/ D\u00e9finition du module<\/h5><\/a><\/div><div id=\"collapse40\" class=\"panel-collapse collapse \"><div class=\"panel-body postclass\">\n<h5><span style=\"color: #000080;\"><strong>Le module <strong>\u00ab GESTEMPS \u00bb, <\/strong>partie int\u00e9grante du logiciel de gestion manufacturi\u00e8re <strong>\u00ab GESMAN \u00bb<\/strong>, permet l\u2019enregistrement et le traitement des diff\u00e9rentes saisies de temps dans un environnement de production.<\/strong><\/span><\/h5>\n<h5><span style=\"color: #000080;\"><strong>Remarque :<\/strong> Cette application <strong>\u00ab GESTEMPS \u00bb <\/strong> peut \u00eatre utilis\u00e9e de fa\u00e7on tout \u00e0 fait autonome ou en relation avec un syst\u00e8me plus complet de prix de revient.<\/span><\/h5>\n<h5><span style=\"color: #000080;\">\u00c0 l\u2019aide de l\u2019application <strong>GESTEMPS<\/strong> l\u2019employ\u00e9 pourra indiquer au syst\u00e8me de l\u2019entreprise, aussi bien son heure d\u2019arriv\u00e9e et son heure de d\u00e9part, que la distribution de son emploi du temps, pour ses diff\u00e9rentes t\u00e2ches et affectations, au cours de la journ\u00e9e.<\/span><\/h5>\n<\/div><\/div><\/div>\n<div class=\"panel panel-default panel-odd\"><div class=\"panel-heading\"><a class=\"accordion-toggle collapsed\" data-toggle=\"collapse\" data-parent=\"#accordionname4\" href=\"#collapse41\"><h5><i class=\"icon-minus primary-color\"><\/i><i class=\"icon-plus\"><\/i>Caract\u00e9ristiques<\/h5><\/a><\/div><div id=\"collapse41\" class=\"panel-collapse collapse \"><div class=\"panel-body postclass\">\n<ul>\n<li>\n<h5><span style=\"color: #000080;\">Peut \u00eatre utilis\u00e9 seulement comme horodateur (Entr\u00e9es-sorties)<\/span><\/h5>\n<\/li>\n<li>\n<h5><span style=\"color: #000080;\">Peut \u00eatre utilis\u00e9 seulement comme outil de saisie de temps en usine<\/span><\/h5>\n<\/li>\n<li>\n<h5><span style=\"color: #000080;\">Peut-\u00eatre utilis\u00e9 pour les deux fonctions ci-dessus<\/span><\/h5>\n<\/li>\n<li>\n<h5><span style=\"color: #000080;\">Capture des temps en \u00ab temps r\u00e9el \u00bb<\/span><\/h5>\n<\/li>\n<li>\n<h5><span style=\"color: #000080;\">S\u2019adapte \u00e0 tout type d\u2019entreprise<\/span><\/h5>\n<\/li>\n<li>\n<h5><span style=\"color: #000080;\">Exploitation souple et param\u00e9tr\u00e9e<\/span><\/h5>\n<\/li>\n<li>\n<h5><span style=\"color: #000080;\">Le d\u00e9but d\u2019une nouvelle op\u00e9ration, pour un m\u00eame employ\u00e9, stoppe automatiquement l\u2019op\u00e9ration pr\u00e9c\u00e9dente en cours, de ce m\u00eame employ\u00e9\u2026 (param\u00e8tre)<\/span><\/h5>\n<\/li>\n<li>\n<h5><span style=\"color: #000080;\">Fonctions s\u00e9curis\u00e9es selon le niveau de responsabilit\u00e9 de l\u2019usager<\/span><\/h5>\n<\/li>\n<\/ul>\n<\/div><\/div><\/div>\n<div class=\"panel panel-default panel-even\"><div class=\"panel-heading\"><a class=\"accordion-toggle collapsed\" data-toggle=\"collapse\" data-parent=\"#accordionname4\" href=\"#collapse42\"><h5><i class=\"icon-minus primary-color\"><\/i><i class=\"icon-plus\"><\/i>Sp\u00e9cifications techniques<\/h5><\/a><\/div><div id=\"collapse42\" class=\"panel-collapse collapse \"><div class=\"panel-body postclass\">\n<ul>\n<li>\n<h5><span style=\"color: #000080;\"><strong>Application d\u00e9velopp\u00e9e \u00e0 l\u2019aide des langages :<\/strong><\/span><\/h5>\n<ul>\n<li>\n<h5><span style=\"color: #000080;\"><strong>Visual Basic;<\/strong><\/span><\/h5>\n<\/li>\n<li>\n<h5><span style=\"color: #000080;\"><strong>VB.net;<\/strong><\/span><\/h5>\n<\/li>\n<\/ul>\n<\/li>\n<li>\n<h5><span style=\"color: #000080;\"><strong>Base de donn\u00e9es utilis\u00e9e : \u00ab ORACLE \u00bb<\/strong><\/span><\/h5>\n<ul>\n<li>\n<h5><span style=\"color: #000080;\"><strong>Licence \u00ab Express-Edition \u00bb possible si m\u00e9moire vive n\u00e9cessaire au traitement est inf\u00e9rieure \u00e0 2 Gb. et si le volume de donn\u00e9es \u00e0 traiter est plus petit ou \u00e9gal \u00e0 4 Gb.<\/strong><\/span><\/h5>\n<h5><\/h5>\n<\/li>\n<\/ul>\n<\/li>\n<li>\n<h5><span style=\"color: #000080;\"><strong>Les interfaces doivent \u00eatre exploit\u00e9es sous environnement Windows<\/strong><\/span><\/h5>\n<\/li>\n<li>\n<h5><span style=\"color: #000080;\"><strong>L\u2019application GESTEMPS est un service qui s\u2019ex\u00e9cute en permanence sur un ordinateur de type Windows<\/strong><\/span><\/h5>\n<\/li>\n<li>\n<h5><span style=\"color: #000080;\"><strong>Configuration possible en mode :<\/strong><\/span><\/h5>\n<ul>\n<li>\n<h5><span style=\"color: #000080;\"><strong>Client serveur<\/strong><\/span><\/h5>\n<\/li>\n<li>\n<h5><span style=\"color: #000080;\"><strong>Terminal serveur (M.S.)<\/strong><\/span><\/h5>\n<\/li>\n<li>\n<h5><span style=\"color: #000080;\"><strong>Terminal serveur (Citrix)<\/strong><\/span><\/h5>\n<\/li>\n<\/ul>\n<\/li>\n<li>\n<h5><span style=\"color: #000080;\"><strong>Toutes les tables de l\u2019application sont accessibles aux applications externes<\/strong><\/span><\/h5>\n<\/li>\n<li>\n<h5><span style=\"color: #000080;\"><strong>Toutes les donn\u00e9es sont disponibles en tout temps<\/strong><\/span><\/h5>\n<\/li>\n<li>\n<h5><span style=\"color: #000080;\"><strong>Les sources de l\u2019application sont de propri\u00e9t\u00e9 priv\u00e9e<\/strong><\/span><\/h5>\n<\/li>\n<\/ul>\n<h5><\/div><\/div><\/div>\n<div class=\"panel panel-default panel-odd\"><div class=\"panel-heading\"><a class=\"accordion-toggle collapsed\" data-toggle=\"collapse\" data-parent=\"#accordionname4\" href=\"#collapse43\"><h5><i class=\"icon-minus primary-color\"><\/i><i class=\"icon-plus\"><\/i>Fonctions et P\u00e9riph\u00e9riques de GESTEMPS<\/h5><\/a><\/div><div id=\"collapse43\" class=\"panel-collapse collapse \"><div class=\"panel-body postclass\"><\/h5>\n<ul>\n<li>\n<h5><span style=\"color: #000080;\"><b><strong>Capture de l\u2019heure d\u2019entr\u00e9e de l\u2019employ\u00e9<\/strong><\/b><\/span><\/h5>\n<\/li>\n<\/ul>\n<ul>\n<ul>\n<li>\n<h5><span style=\"color: #000080;\">Capture ou identification des temps de pause et de repas de l\u2019employ\u00e9<\/span><\/h5>\n<\/li>\n<\/ul>\n<\/ul>\n<h5><\/h5>\n<ul>\n<li>\n<h5><span style=\"color: #000080;\"><b><strong>Capture de l\u2019heure de sortie de l\u2019employ\u00e9<\/strong><\/b><\/span><\/h5>\n<\/li>\n<\/ul>\n<ul>\n<li>\n<h5><span style=\"color: #000080;\">Selon les besoins de l\u2019entreprise, capture en usine de l\u2019identification du :<\/span><\/h5>\n<ul>\n<li>\n<h5><span style=\"color: #000080;\">No. d\u2019employ\u00e9<\/span><\/h5>\n<\/li>\n<li>\n<h5><span style=\"color: #000080;\">No. lot de production<\/span><\/h5>\n<\/li>\n<li>\n<h5><span style=\"color: #000080;\">No. de commande client<\/span><\/h5>\n<\/li>\n<li>\n<h5><span style=\"color: #000080;\">No. de ligne d\u2019une commande de production particuli\u00e8re<\/span><\/h5>\n<\/li>\n<li>\n<h5><span style=\"color: #000080;\">No. de projet<\/span><\/h5>\n<\/li>\n<li>\n<h5><span style=\"color: #000080;\">No. de regroupement de commande<\/span><\/h5>\n<\/li>\n<li>\n<h5><span style=\"color: #000080;\">No. d\u2019op\u00e9ration<\/span><\/h5>\n<\/li>\n<\/ul>\n<\/li>\n<li>\n<h5><span style=\"color: #000080;\">Tout ou partie des informations donn\u00e9es ci-dessus<\/span><\/h5>\n<\/li>\n<li>\n<h5><span style=\"color: #000080;\">D\u00e9finitions minimales des employ\u00e9s<\/span><\/h5>\n<\/li>\n<li>\n<h5><span style=\"color: #000080;\">D\u00e9finitions des contre-ma\u00eetres<\/span><\/h5>\n<\/li>\n<li>\n<h5><span style=\"color: #000080;\">D\u00e9finitions des \u00e9quipes de travail<\/span><\/h5>\n<\/li>\n<li>\n<h5><span style=\"color: #000080;\"><strong>D\u00e9finition des emplois du temps de l\u2019entreprise<\/strong>, avec ou sans roulement r\u00e9p\u00e9titif :<\/span><\/h5>\n<ul>\n<li>\n<h5><span style=\"color: #000080;\">Jours de travail, quarts de travail<\/span><\/h5>\n<\/li>\n<li>\n<h5><span style=\"color: #000080;\">Heure de d\u00e9but, heure de fin<\/span><\/h5>\n<\/li>\n<li>\n<h5><span style=\"color: #000080;\">Tol\u00e9rance accord\u00e9e sur les retards ou les d\u00e9parts anticip\u00e9s<\/span><\/h5>\n<\/li>\n<li>\n<h5><span style=\"color: #000080;\">Temps de pause et de repas (gestion des cloches et sir\u00e8nes )<\/span><\/h5>\n<\/li>\n<\/ul>\n<\/li>\n<\/ul>\n<h5><\/h5>\n<ul>\n<li>\n<h5><span style=\"color: #000080;\"><strong><span style=\"text-decoration: underline;\">Utilise tout type de p\u00e9riph\u00e9rique susceptible de communiquer en modes TCP-IP ou s\u00e9rie tels que :<\/span><\/strong><\/span><\/h5>\n<ul>\n<li>\n<h5><span style=\"color: #000080;\"><strong>Poste de travail Windows standard avec \u00c9cran \/ clavier \/ souris<\/strong><\/span><\/h5>\n<\/li>\n<li>\n<h5><span style=\"color: #000080;\"><strong>Poste de travail Windows avec \u00e9cran tactile<\/strong><\/span><\/h5>\n<\/li>\n<li>\n<h5><span style=\"color: #000080; text-decoration: underline;\"><strong>Capteur d\u00e9di\u00e9 de type \u00ab Lecteur TCP-IP \u00bb avec :<\/strong><\/span><\/h5>\n<ul>\n<li>\n<h5><span style=\"color: #000080;\">Lecteur de codes \u00e0 barres<\/span><\/h5>\n<\/li>\n<li>\n<h5><span style=\"color: #000080;\">Lecteur de bande magn\u00e9tique<\/span><\/h5>\n<\/li>\n<li>\n<h5><span style=\"color: #000080;\">En lien physique ou en mode RF<\/span><\/h5>\n<\/li>\n<\/ul>\n<\/li>\n<\/ul>\n<\/li>\n<\/ul>\n<h5><\/h5>\n<ul>\n<li>\n<h5><span style=\"color: #000080; text-decoration: underline;\">R\u00e9f\u00e9rences d\u2019installation ou d\u2019implantation :<\/span><\/h5>\n<h5><span style=\"color: #000080;\">&#8211; Entreprise de fabrication de mobilier de bureau (50 employ\u00e9s)<\/span><\/h5>\n<h5><span style=\"color: #000080;\">&#8211; Entreprise de fabrication de fours de boulangerie (40 employ\u00e9s)<\/span><\/h5>\n<h5><span style=\"color: #000080;\">&#8211; Entreprise de service dans le secteur de l\u2019automobile (200 employ\u00e9s)<\/span><\/h5>\n<h5><span style=\"color: #000080;\">&#8211; Entreprise de distribution dans le secteur de l\u2019alimentation (60 employ\u00e9s)<\/span><\/h5>\n<\/li>\n<\/ul>\n<\/div><\/div><\/div><\/div>\n<div class=\"hrule clearfix\" style=\"background:#dd3333; height:5px\"><\/div>\n","protected":false},"excerpt":{"rendered":"<p>Logiciel de capture et de\u00a0 traitement des temps<\/p>\n","protected":false},"author":1,"featured_media":0,"parent":0,"menu_order":0,"comment_status":"open","ping_status":"open","template":"","meta":{"kt_blocks_editor_width":""},"_links":{"self":[{"href":"https:\/\/www.celibec.com\/index.php?rest_route=\/wp\/v2\/pages\/629"}],"collection":[{"href":"https:\/\/www.celibec.com\/index.php?rest_route=\/wp\/v2\/pages"}],"about":[{"href":"https:\/\/www.celibec.com\/index.php?rest_route=\/wp\/v2\/types\/page"}],"author":[{"embeddable":true,"href":"https:\/\/www.celibec.com\/index.php?rest_route=\/wp\/v2\/users\/1"}],"replies":[{"embeddable":true,"href":"https:\/\/www.celibec.com\/index.php?rest_route=%2Fwp%2Fv2%2Fcomments&post=629"}],"version-history":[{"count":5,"href":"https:\/\/www.celibec.com\/index.php?rest_route=\/wp\/v2\/pages\/629\/revisions"}],"predecessor-version":[{"id":924,"href":"https:\/\/www.celibec.com\/index.php?rest_route=\/wp\/v2\/pages\/629\/revisions\/924"}],"wp:attachment":[{"href":"https:\/\/www.celibec.com\/index.php?rest_route=%2Fwp%2Fv2%2Fmedia&parent=629"}],"curies":[{"name":"wp","href":"https:\/\/api.w.org\/{rel}","templated":true}]}}